{"id":12,"date":"2019-03-11T18:30:41","date_gmt":"2019-03-11T17:30:41","guid":{"rendered":"http:\/\/www.thurysuli.hu\/?page_id=12"},"modified":"2019-11-02T18:19:34","modified_gmt":"2019-11-02T17:19:34","slug":"bemutatkozas","status":"publish","type":"page","link":"https:\/\/www.thurysuli.hu\/?page_id=12","title":{"rendered":"Bemutatkoz\u00e1s"},"content":{"rendered":"<p><span style=\"font-family: Verdana;\"><strong>Kedves Sz\u00fcl\u0151k!<\/strong><\/span><\/p>\n<p><span style=\"font-family: Verdana;\">\u00a0<\/span><span style=\"font-family: Verdana;\">Elgondolkodtak m\u00e1r azon, hogy mit\u0151l j\u00f3 egy iskola?<\/span><\/p>\n<p><span style=\"font-family: Verdana;\">Att\u00f3l, hogy tanul\u00f3i tanulm\u00e1nyi \u00e9s sportversenyeket nyernek, hogy megfelel\u0151en felk\u00e9sz\u00edtik \u0151ket a tov\u00e1bbtanul\u00e1sra, hogy el\u0151kel\u0151 helyen szerepelnek a k\u00fcl\u00f6nb\u00f6z\u0151 rangsorokon?<\/span><\/p>\n<p><span style=\"font-family: Verdana;\">Vagy att\u00f3l, hogy mosolyg\u00f3san, szorong\u00e1sok n\u00e9lk\u00fcl l\u00e9pheti \u00e1t kapuj\u00e1t di\u00e1k \u00e9s sz\u00fcl\u0151, hogy minden gyerek \u00e9rt\u00e9kes \u00e9s fontos, mert nem csak az oszt\u00e1lyzat a m\u00e9rce?<\/span><\/p>\n<p><span style=\"font-family: Verdana;\">Mi, Mak\u00e1don, j\u00f3 iskol\u00e1t szeretn\u00e9nk, ez\u00e9rt arra t\u00f6reksz\u00fcnk, hogy a k\u00e9t szempont egyar\u00e1nt \u00e9rv\u00e9nyes\u00fclhessen.<\/span><\/p>\n<p><span style=\"font-family: Verdana;\">A Th\u00fary J\u00f3zsef \u00c1ltal\u00e1nos Iskola a csendes, b\u00e9k\u00e9s Mak\u00e1d k\u00f6zpontj\u00e1ban tal\u00e1lhat\u00f3. Nagy, f\u00fcves, fa j\u00e1t\u00e9kokkal felszerelt udvar, rossz id\u0151ben pedig t\u00e1gas aula \u00e1ll a gyerekek rendelkez\u00e9s\u00e9re a szabadid\u0151 \u00e9rtelmes, lehet\u0151leg mozg\u00e1ssal teli elt\u00f6lt\u00e9s\u00e9hez. Az iskola modern \u00e9p\u00fclet\u00e9ben a tantermek mellett k\u00f6nyvt\u00e1r \u00e9s j\u00f3l felszerelt, internet-hozz\u00e1f\u00e9r\u00e9ssel rendelkez\u0151 sz\u00e1m\u00edt\u00f3g\u00e9pterem v\u00e1rja a di\u00e1kokat.<\/span><\/p>\n<p><span style=\"font-family: Verdana;\">Iskol\u00e1nkban minden oszt\u00e1lyt 4 \u00e9vig k\u00eds\u00e9r v\u00e9gig az oszt\u00e1lyf\u0151n\u00f6k \u2013 ennek hat\u00e9konys\u00e1g\u00e1t az als\u00f3 tagozaton is sok \u00e9ves tapasztalatunk igazolja.<\/span><\/p>\n<p><span style=\"font-family: Verdana;\">Az oszt\u00e1lyok l\u00e9tsz\u00e1ma viszonylag alacsony, ami a gyermekek \u00e9s a pedag\u00f3gusok sz\u00e1m\u00e1ra egyar\u00e1nt optim\u00e1lis, hiszen lehet\u0151v\u00e9 teszi, hogy mindenkit saj\u00e1t fejletts\u00e9gi szintj\u00e9nek megfelel\u0151en lehessen terhelni, fejleszteni. Az olvas\u00e1s-\u00edr\u00e1s tan\u00edt\u00e1sa a helyes ejt\u00e9sre alapozott, elemz\u0151-\u00f6sszetev\u0151 m\u00f3dszerrel t\u00f6rt\u00e9nik, mely seg\u00edts\u00e9g\u00fcl h\u00edvja a sz\u00f3tagol\u00e1st is.<\/span><\/p>\n<p><span style=\"font-family: Verdana;\">A r\u00e9szk\u00e9pess\u00e9geik tekintet\u00e9ben nem megfelel\u0151en fejl\u0151d\u0151 tanul\u00f3k felz\u00e1rk\u00f3ztat\u00e1s\u00e1t fejleszt\u0151pedag\u00f3gus v\u00e9gzi, de munk\u00e1nkat logop\u00e9dus \u00e9s pszichol\u00f3gus is seg\u00edti. Fontos feladatunknak tekintj\u00fck a tehets\u00e9ggondoz\u00e1st is, melyet sz\u00e1mos, hagyom\u00e1nyos \u00e9s levelez\u0151 versenyen el\u00e9rt, orsz\u00e1gos szinten is jegyzett eredm\u00e9ny bizony\u00edt.<\/span><\/p>\n<p><span style=\"font-family: Verdana;\">Iskol\u00e1nk n\u00e9met nemzetis\u00e9gi nyelvet oktat\u00f3 iskola, ez\u00e9rt minden oszt\u00e1ly heti \u00f6t \u00f3r\u00e1ban tanulja a n\u00e9met nemzetis\u00e9gi nyelvet. Az als\u00f3 tagozaton a legfontosabb c\u00e9l az idegen nyelv megszerettet\u00e9se \u00e9s az intenz\u00edvebb tanul\u00e1si id\u0151szak megalapoz\u00e1sa, ez\u00e9rt \u2013 a bet\u0171vet\u00e9s \u00e9s alapvet\u0151 sz\u00e1mol\u00e1s elsaj\u00e1t\u00edt\u00e1sa k\u00f6zben \u2013 j\u00e1t\u00e9kos form\u00e1ban tanulj\u00e1k a n\u00e9met nyelvet, n\u00e9met szakos v\u00e9gzetts\u00e9ggel rendelkez\u0151 pedag\u00f3gusok ir\u00e1ny\u00edt\u00e1s\u00e1val.<\/span><\/p>\n<p><span style=\"font-family: Verdana;\">A differenci\u00e1lt k\u00e9pess\u00e9gfejleszt\u00e9st nem csak a tan\u00f3r\u00e1kon, hanem a h\u00e1zi feladatok kijel\u00f6l\u00e9s\u00e9n\u00e9l is szem el\u0151tt tartjuk. Fontos szempont, hogy a lecke 1 \u00f3ra alatt minden als\u00f3s tanul\u00f3nk sz\u00e1m\u00e1ra elk\u00e9sz\u00edthet\u0151 legyen, \u00edgy d\u00e9lut\u00e1ni foglalkoz\u00e1sokra, j\u00e1t\u00e9kra is elegend\u0151 idej\u00fck marad. A felk\u00e9sz\u00fcl\u00e9sben az als\u00f3sokat a napk\u00f6zis tanul\u00f3csoport, a fels\u0151s\u00f6ket pedig tanul\u00f3szobai foglalkoz\u00e1s seg\u00edti. H\u00e9tv\u00e9g\u00e9re \u00e1ltal\u00e1ban nem adunk h\u00e1zi feladatot.<\/span><\/p>\n<p><span style=\"font-family: Verdana;\">Sz\u00e1mos tan\u00f3r\u00e1n k\u00edv\u00fcli programmal v\u00e1rjuk vissza d\u00e9lut\u00e1n is tanul\u00f3inkat. Iskol\u00e1nkban m\u0171k\u00f6dik a d\u00f6ms\u00f6di Dezs\u0151 Lajos Zeneiskola \u00e9s M\u0171v\u00e9szeti Iskola kihelyezett tagozata, ahol t\u00e1nc, dr\u00e1ma \u00e9s zeneoktat\u00e1s folyik, valamint a kiskunlach\u00e1zi M\u0171v\u00e9szeti Iskola kihelyezett rajz tagozata A t\u00f6megsport- \u00e9s a term\u00e9szetismeret szakk\u00f6r foglalkoz\u00e1sain a gyerekek nagy lelkesed\u00e9ssel, sz\u00e9p sz\u00e1mban vesznek r\u00e9szt.<\/span><\/p>\n<p><span style=\"font-family: Verdana;\">Az \u00e9ppen iskol\u00e1ba l\u00e9p\u0151 gyermek m\u00e9g er\u0151sen k\u00f6t\u0151dik a feln\u0151ttekhez \u2013 ez\u00e9rt k\u00fcl\u00f6n\u00f6sen fontos, hogy iskol\u00e1nk tantest\u00fclete kifejezetten gyermekcentrikus. Tan\u00edt\u00f3ink igyekeznek az \u00f3vod\u00e1b\u00f3l az iskol\u00e1ba t\u00f6rt\u00e9n\u0151 \u00e1tmenetet z\u00f6kken\u0151mentess\u00e9 tenni, \u00fagy tan\u00edtani, hogy a gyerekeknek fel se t\u0171nj\u00f6n: ez m\u00e1r nem j\u00e1t\u00e9k, hanem tanul\u00e1s.<\/span><\/p>\n<p><span style=\"font-family: Verdana;\">K\u00fcl\u00f6n\u00f6sen fontosnak tartjuk, hogy tanul\u00f3ink egy\u00fcttm\u0171k\u00f6dni k\u00e9pes, megb\u00edzhat\u00f3, korszer\u0171 tud\u00e1ssal rendelkez\u0151 feln\u00f6ttekk\u00e9 v\u00e1ljanak. A csal\u00e1dias hangulat, az egy\u00e9ni b\u00e1n\u00e1sm\u00f3d \u00e9s a felk\u00e9sz\u00fclt tantest\u00fclet is biztos\u00edt\u00e9ka annak, hogy c\u00e9lkit\u0171z\u00e9seink megval\u00f3sulhassanak.<\/span><\/p>\n<p><span style=\"font-family: Verdana;\">A szabad iskolav\u00e1laszt\u00e1s jegy\u00e9ben egyre t\u00f6bb \u2013 k\u00f6zt\u00fck sok bej\u00e1r\u00f3 \u2013 tanul\u00f3 v\u00e1lasztja a mak\u00e1di Th\u00fary J\u00f3zsef \u00c1ltal\u00e1nos Iskol\u00e1t.<\/span><\/p>\n","protected":false},"excerpt":{"rendered":"<p>Kedves Sz\u00fcl\u0151k! \u00a0Elgondolkodtak m\u00e1r azon, hogy mit\u0151l j\u00f3 egy iskola? Att\u00f3l, hogy tanul\u00f3i tanulm\u00e1nyi \u00e9s sportversenyeket nyernek, hogy megfelel\u0151en felk\u00e9sz\u00edtik \u0151ket a tov\u00e1bbtanul\u00e1sra, hogy el\u0151kel\u0151 helyen szerepelnek a k\u00fcl\u00f6nb\u00f6z\u0151 rangsorokon? Vagy att\u00f3l, hogy mosolyg\u00f3san, szorong\u00e1sok n\u00e9lk\u00fcl l\u00e9pheti \u00e1t kapuj\u00e1t di\u00e1k &hellip; <a href=\"https:\/\/www.thurysuli.hu\/?page_id=12\">Egy kattint\u00e1s ide a folytat\u00e1shoz&#8230;. <span class=\"meta-nav\">&rarr;<\/span><\/a><\/p>\n","protected":false},"author":1,"featured_media":0,"parent":0,"menu_order":0,"comment_status":"closed","ping_status":"closed","template":"","meta":[],"_links":{"self":[{"href":"https:\/\/www.thurysuli.hu\/index.php?rest_route=\/wp\/v2\/pages\/12"}],"collection":[{"href":"https:\/\/www.thurysuli.hu\/index.php?rest_route=\/wp\/v2\/pages"}],"about":[{"href":"https:\/\/www.thurysuli.hu\/index.php?rest_route=\/wp\/v2\/types\/page"}],"author":[{"embeddable":true,"href":"https:\/\/www.thurysuli.hu\/index.php?rest_route=\/wp\/v2\/users\/1"}],"replies":[{"embeddable":true,"href":"https:\/\/www.thurysuli.hu\/index.php?rest_route=%2Fwp%2Fv2%2Fcomments&post=12"}],"version-history":[{"count":24,"href":"https:\/\/www.thurysuli.hu\/index.php?rest_route=\/wp\/v2\/pages\/12\/revisions"}],"predecessor-version":[{"id":361,"href":"https:\/\/www.thurysuli.hu\/index.php?rest_route=\/wp\/v2\/pages\/12\/revisions\/361"}],"wp:attachment":[{"href":"https:\/\/www.thurysuli.hu\/index.php?rest_route=%2Fwp%2Fv2%2Fmedia&parent=12"}],"curies":[{"name":"wp","href":"https:\/\/api.w.org\/{rel}","templated":true}]}}