{"id":126,"date":"2019-03-28T05:48:30","date_gmt":"2019-03-28T04:48:30","guid":{"rendered":"https:\/\/www.thurysuli.hu\/?page_id=126"},"modified":"2019-11-04T10:17:44","modified_gmt":"2019-11-04T09:17:44","slug":"iskolank-nevadoja","status":"publish","type":"page","link":"https:\/\/www.thurysuli.hu\/?page_id=126","title":{"rendered":"Iskol\u00e1nk n\u00e9vad\u00f3ja"},"content":{"rendered":"<p style=\"margin: 0px 0px 13.33px; text-align: justify;\"><span style=\"font-family: Verdana; font-weight: normal;\"><i>Thury J\u00f3zsef 1861. december 25.-\u00e9n <\/i>Mak\u00e1don sz\u00fcletett. <\/span><\/p>\n<p style=\"margin: 0px 0px 13.33px; text-align: justify;\"><span style=\"font-family: Verdana; font-weight: normal;\">Magyar nyelv\u00e9sz, turkol\u00f3gus, a Magyar Tudom\u00e1nyos Akad\u00e9mialevelez\u0151 tagja.<\/span><\/p>\n<p style=\"text-align: justify;\"><span style=\"font-family: Verdana; font-weight: normal;\"> K\u00f6z\u00e9piskolai tanulm\u00e1nyait Kunszentmikl\u00f3son \u00e9s a budapesti reform\u00e1tus f\u0151gimn\u00e1ziumban v\u00e9gezte. A budapesti egyetemen szakt\u00e1rgyai mellett a finnugor, tat\u00e1r, t\u00f6r\u00f6k, mongol \u00e9s perzsa nyelveket \u00e9s irodalmat tanulta, de a keleti t\u00f6rt\u00e9net\u00edr\u00f3k \u00e9s utaz\u00f3k munk\u00e1it is tanulm\u00e1nyozta. Ez id\u0151 alatt egy <b>t\u00f6r\u00f6k<\/b> nyelv\u00e9szeti dolgozat\u00e1val, egyetemi p\u00e1lyad\u00edjat nyert. 1884-ben b\u00f6lcs\u00e9szdoktori \u00e9s magyar-latin szakos tan\u00e1ri oklevelet szerzett. A t\u00f6r\u00f6k nyelv tan\u00e1ra n\u00e9gy \u00e9vig volt.<\/span><\/p>\n<p style=\"text-align: justify;\"><span style=\"font-family: Verdana; font-weight: normal;\"> 1884 nyar\u00e1n \u00e1llami \u00f6szt\u00f6nd\u00edjjal Isztambulban \u00e9s Kis-\u00c1zsi\u00e1ban j\u00e1rt tanulm\u00e1ny\u00faton. A k\u00f6vetkez\u0151 \u00e9v nyar\u00e1t a N\u00f3gr\u00e1d v\u00e1rmegyei <b>pal\u00f3cok<\/b> k\u00f6z\u00f6tt t\u00f6lt\u00f6tte, s a pal\u00f3c n\u00e9pet \u00e9s nyelvet tanulm\u00e1nyozta. 1887-t\u0151l a nagyk\u0151r\u00f6si reform\u00e1tus f\u0151gimn\u00e1zium, 1888-t\u00f3l a kiskunhalasi gimn\u00e1zium magyar-latin szakos tan\u00e1ra, nagyon j\u00f3 kapcsolatban volt Szil\u00e1dy \u00c1ronnal.<\/span><\/p>\n<p style=\"text-align: justify;\"><span style=\"font-family: Verdana; font-weight: normal;\"> V\u00e1mb\u00e9ry \u00c1rmin biztat\u00e1s\u00e1ra nemcsak t\u00f6r\u00f6k\u00fcl, hanem arabul \u00e9s perzs\u00e1ul is megtanult, s a nyugati \u00e9s a biz\u00e1nci forr\u00e1sok mellett az akkor hozz\u00e1f\u00e9rhet\u0151 arab, perzsa \u00e9s k\u00ednai k\u00fatf\u0151ket is behat\u00f3an tanulm\u00e1nyozta. <\/span><br \/>\n<span style=\"font-family: Verdana; font-weight: normal;\"> V\u00e1mb\u00e9ryhez, Kunhoz \u00e9s Marcalihoz hasonl\u00f3an Thury is felt\u00e9telezte, hogy az onogur-magyarok ebben a t\u00e9rs\u00e9gben tal\u00e1lkoztak a vogulok \u00e9s az osztj\u00e1kok \u0151seivel, akik egy r\u00e9sz\u00e9vel \u2013 noha a t\u00f6rt\u00e9net\u00edr\u00e1s err\u0151l nem tud \u2013 \u00f6ssze is vegy\u00fcltek. Az 5. sz\u00e1zad k\u00f6zep\u00e9n ez a kever\u00e9k n\u00e9p vonult a Kub\u00e1n foly\u00f3 vid\u00e9k\u00e9re, a Maeotist\u00f3l keletre \u00e9s a Kauk\u00e1zust\u00f3l \u00e9szakra. Ezen a vid\u00e9ken j\u00f6tt l\u00e9tre a 6. sz\u00e1zad m\u00e1sodik \u00e9s a 7. sz\u00e1zad els\u0151 fel\u00e9ben a m\u00e1sodik hun birodalom, amelybe \u2013 v\u00e9lte \u2013 az etnikailag rokon bolg\u00e1r-t\u00f6r\u00f6k n\u00e9pek \u00e9s a magyarok is beletartoztak. \u00cdgy \u00e9rthet\u0151, hogy Theophanes biz\u00e1nci t\u00f6rt\u00e9net\u00edr\u00f3 szerint a Gordasz hun kir\u00e1ly ellen l\u00e1zad\u00f3 testv\u00e9rt Muag(y)ernek h\u00edvt\u00e1k, akinek az eml\u00e9ke a magyar kr\u00f3nik\u00e1kban Magor\/Mogor n\u00e9ven maradt fenn. <\/span><\/p>\n<p style=\"margin: 0px 0px 13.33px; text-align: justify;\"><span style=\"font-family: Verdana; font-weight: normal;\">1906. m\u00e1jus 22-\u00e9n Szabadk\u00e1n halt meg.<\/span><\/p>\n","protected":false},"excerpt":{"rendered":"<p>Thury J\u00f3zsef 1861. december 25.-\u00e9n Mak\u00e1don sz\u00fcletett. Magyar nyelv\u00e9sz, turkol\u00f3gus, a Magyar Tudom\u00e1nyos Akad\u00e9mialevelez\u0151 tagja. K\u00f6z\u00e9piskolai tanulm\u00e1nyait Kunszentmikl\u00f3son \u00e9s a budapesti reform\u00e1tus f\u0151gimn\u00e1ziumban v\u00e9gezte. A budapesti egyetemen szakt\u00e1rgyai mellett a finnugor, tat\u00e1r, t\u00f6r\u00f6k, mongol \u00e9s perzsa nyelveket \u00e9s irodalmat tanulta, &hellip; <a href=\"https:\/\/www.thurysuli.hu\/?page_id=126\">Egy kattint\u00e1s ide a folytat\u00e1shoz&#8230;. <span class=\"meta-nav\">&rarr;<\/span><\/a><\/p>\n","protected":false},"author":1,"featured_media":0,"parent":0,"menu_order":0,"comment_status":"closed","ping_status":"closed","template":"","meta":[],"_links":{"self":[{"href":"https:\/\/www.thurysuli.hu\/index.php?rest_route=\/wp\/v2\/pages\/126"}],"collection":[{"href":"https:\/\/www.thurysuli.hu\/index.php?rest_route=\/wp\/v2\/pages"}],"about":[{"href":"https:\/\/www.thurysuli.hu\/index.php?rest_route=\/wp\/v2\/types\/page"}],"author":[{"embeddable":true,"href":"https:\/\/www.thurysuli.hu\/index.php?rest_route=\/wp\/v2\/users\/1"}],"replies":[{"embeddable":true,"href":"https:\/\/www.thurysuli.hu\/index.php?rest_route=%2Fwp%2Fv2%2Fcomments&post=126"}],"version-history":[{"count":5,"href":"https:\/\/www.thurysuli.hu\/index.php?rest_route=\/wp\/v2\/pages\/126\/revisions"}],"predecessor-version":[{"id":378,"href":"https:\/\/www.thurysuli.hu\/index.php?rest_route=\/wp\/v2\/pages\/126\/revisions\/378"}],"wp:attachment":[{"href":"https:\/\/www.thurysuli.hu\/index.php?rest_route=%2Fwp%2Fv2%2Fmedia&parent=126"}],"curies":[{"name":"wp","href":"https:\/\/api.w.org\/{rel}","templated":true}]}}