{"id":132,"date":"2019-03-28T05:49:42","date_gmt":"2019-03-28T04:49:42","guid":{"rendered":"https:\/\/www.thurysuli.hu\/?page_id=132"},"modified":"2024-11-21T15:25:51","modified_gmt":"2024-11-21T14:25:51","slug":"pedagogusaink","status":"publish","type":"page","link":"https:\/\/www.thurysuli.hu\/?page_id=132","title":{"rendered":"Pedag\u00f3gusaink"},"content":{"rendered":"<p>\u00a0<\/p>\n<p style=\"text-align: center;\"><strong><u>Pedag\u00f3gusaink:<\/u><\/strong><\/p>\n<p style=\"text-align: center;\">Raffay B\u00e9la- igazgat\u00f3 <\/p>\n<p style=\"text-align: center;\">Szab\u00f3 Istv\u00e1nn\u00e9- tagint\u00e9zm\u00e9ny-igazgat\u00f3<\/p>\n<p style=\"text-align: center;\">Bad\u00f3 J\u00e1nos &#8211; tan\u00edt\u00f3<\/p>\n<p style=\"text-align: center;\">Kov\u00e1cs Linda- tan\u00edt\u00f3<\/p>\n<p style=\"text-align: center;\">Nyuln\u00e9 B\u00edr\u00f3 Ildik\u00f3-tan\u00edt\u00f3<\/p>\n<p style=\"text-align: center;\">Tak\u00e1cs Aranka T\u00edmea-tan\u00e1r <\/p>\n<p style=\"text-align: center;\">Mih\u00e1ly Gyula-tan\u00edt\u00f3,testnevel\u0151 tan\u00e1r<\/p>\n<p style=\"text-align: center;\">\u00a0M\u00e9ri Erzs\u00e9bet-tan\u00e1r<\/p>\n<p style=\"text-align: center;\">Mestern\u00e9 Szab\u00f3 Be\u00e1ta-tan\u00e1r<\/p>\n<p style=\"text-align: center;\">Pilczingern\u00e9 Major Hajnalka-tan\u00edt\u00f3<\/p>\n<p style=\"text-align: center;\">F\u00e1bi\u00e1n Ter\u00e9zia- tan\u00e1r<\/p>\n<p style=\"text-align: center;\"><strong><u>Iskolatitk\u00e1r:<\/u><\/strong><\/p>\n<p style=\"text-align: center;\">Kun Krisztina<\/p>\n<p style=\"text-align: center;\"><strong>Technikai dolgoz\u00f3k:<\/strong><\/p>\n<p style=\"text-align: center;\">Doszt\u00e1l D\u00f3ra- takar\u00edt\u00f3<\/p>\n<p style=\"text-align: center;\">Vank Zolt\u00e1nn\u00e9- takar\u00edt\u00f3<\/p>\n<p style=\"text-align: center;\">Csizmadia Istv\u00e1n- karbantart\u00f3<\/p>\n<p>\u00a0<\/p>\n\n\n<p><\/p>\n","protected":false},"excerpt":{"rendered":"<p>\u00a0 Pedag\u00f3gusaink: Raffay B\u00e9la- igazgat\u00f3 Szab\u00f3 Istv\u00e1nn\u00e9- tagint\u00e9zm\u00e9ny-igazgat\u00f3 Bad\u00f3 J\u00e1nos &#8211; tan\u00edt\u00f3 Kov\u00e1cs Linda- tan\u00edt\u00f3 Nyuln\u00e9 B\u00edr\u00f3 Ildik\u00f3-tan\u00edt\u00f3 Tak\u00e1cs Aranka T\u00edmea-tan\u00e1r Mih\u00e1ly Gyula-tan\u00edt\u00f3,testnevel\u0151 tan\u00e1r \u00a0M\u00e9ri Erzs\u00e9bet-tan\u00e1r Mestern\u00e9 Szab\u00f3 Be\u00e1ta-tan\u00e1r Pilczingern\u00e9 Major Hajnalka-tan\u00edt\u00f3 F\u00e1bi\u00e1n Ter\u00e9zia- tan\u00e1r Iskolatitk\u00e1r: Kun Krisztina Technikai dolgoz\u00f3k: &hellip; <a href=\"https:\/\/www.thurysuli.hu\/?page_id=132\">Egy kattint\u00e1s ide a folytat\u00e1shoz&#8230;. <span class=\"meta-nav\">&rarr;<\/span><\/a><\/p>\n","protected":false},"author":1,"featured_media":0,"parent":0,"menu_order":0,"comment_status":"closed","ping_status":"closed","template":"","meta":[],"_links":{"self":[{"href":"https:\/\/www.thurysuli.hu\/index.php?rest_route=\/wp\/v2\/pages\/132"}],"collection":[{"href":"https:\/\/www.thurysuli.hu\/index.php?rest_route=\/wp\/v2\/pages"}],"about":[{"href":"https:\/\/www.thurysuli.hu\/index.php?rest_route=\/wp\/v2\/types\/page"}],"author":[{"embeddable":true,"href":"https:\/\/www.thurysuli.hu\/index.php?rest_route=\/wp\/v2\/users\/1"}],"replies":[{"embeddable":true,"href":"https:\/\/www.thurysuli.hu\/index.php?rest_route=%2Fwp%2Fv2%2Fcomments&post=132"}],"version-history":[{"count":12,"href":"https:\/\/www.thurysuli.hu\/index.php?rest_route=\/wp\/v2\/pages\/132\/revisions"}],"predecessor-version":[{"id":807,"href":"https:\/\/www.thurysuli.hu\/index.php?rest_route=\/wp\/v2\/pages\/132\/revisions\/807"}],"wp:attachment":[{"href":"https:\/\/www.thurysuli.hu\/index.php?rest_route=%2Fwp%2Fv2%2Fmedia&parent=132"}],"curies":[{"name":"wp","href":"https:\/\/api.w.org\/{rel}","templated":true}]}}