{"id":145,"date":"2019-03-28T05:53:01","date_gmt":"2019-03-28T04:53:01","guid":{"rendered":"https:\/\/www.thurysuli.hu\/?page_id=145"},"modified":"2019-11-04T10:28:23","modified_gmt":"2019-11-04T09:28:23","slug":"csengetesi-rend","status":"publish","type":"page","link":"https:\/\/www.thurysuli.hu\/?page_id=145","title":{"rendered":"csenget\u00e9si rend"},"content":{"rendered":"\n<figure class=\"wp-block-image\"><img decoding=\"async\" loading=\"lazy\" width=\"627\" height=\"380\" src=\"https:\/\/www.thurysuli.hu\/wp-content\/uploads\/2019\/11\/K\u00e9pkiv\u00e1g\u00e1s-1.jpg\" alt=\"\" class=\"wp-image-381\" srcset=\"https:\/\/www.thurysuli.hu\/wp-content\/uploads\/2019\/11\/K\u00e9pkiv\u00e1g\u00e1s-1.jpg 627w, https:\/\/www.thurysuli.hu\/wp-content\/uploads\/2019\/11\/K\u00e9pkiv\u00e1g\u00e1s-1-300x182.jpg 300w\" sizes=\"(max-width: 627px) 100vw, 627px\" \/><\/figure>\n","protected":false},"excerpt":{"rendered":"","protected":false},"author":1,"featured_media":0,"parent":0,"menu_order":0,"comment_status":"closed","ping_status":"closed","template":"","meta":[],"_links":{"self":[{"href":"https:\/\/www.thurysuli.hu\/index.php?rest_route=\/wp\/v2\/pages\/145"}],"collection":[{"href":"https:\/\/www.thurysuli.hu\/index.php?rest_route=\/wp\/v2\/pages"}],"about":[{"href":"https:\/\/www.thurysuli.hu\/index.php?rest_route=\/wp\/v2\/types\/page"}],"author":[{"embeddable":true,"href":"https:\/\/www.thurysuli.hu\/index.php?rest_route=\/wp\/v2\/users\/1"}],"replies":[{"embeddable":true,"href":"https:\/\/www.thurysuli.hu\/index.php?rest_route=%2Fwp%2Fv2%2Fcomments&post=145"}],"version-history":[{"count":6,"href":"https:\/\/www.thurysuli.hu\/index.php?rest_route=\/wp\/v2\/pages\/145\/revisions"}],"predecessor-version":[{"id":382,"href":"https:\/\/www.thurysuli.hu\/index.php?rest_route=\/wp\/v2\/pages\/145\/revisions\/382"}],"wp:attachment":[{"href":"https:\/\/www.thurysuli.hu\/index.php?rest_route=%2Fwp%2Fv2%2Fmedia&parent=145"}],"curies":[{"name":"wp","href":"https:\/\/api.w.org\/{rel}","templated":true}]}}