{"id":149,"date":"2019-03-28T05:53:35","date_gmt":"2019-03-28T04:53:35","guid":{"rendered":"https:\/\/www.thurysuli.hu\/?page_id=149"},"modified":"2019-11-04T10:10:32","modified_gmt":"2019-11-04T09:10:32","slug":"dok","status":"publish","type":"page","link":"https:\/\/www.thurysuli.hu\/?page_id=149","title":{"rendered":"D\u00d6K"},"content":{"rendered":"<p><img decoding=\"async\" loading=\"lazy\" class=\" wp-image-370\" src=\"https:\/\/www.thurysuli.hu\/wp-content\/uploads\/2019\/11\/dok-nap-300x171.jpg\" alt=\"\" width=\"398\" height=\"227\" srcset=\"https:\/\/www.thurysuli.hu\/wp-content\/uploads\/2019\/11\/dok-nap-300x171.jpg 300w, https:\/\/www.thurysuli.hu\/wp-content\/uploads\/2019\/11\/dok-nap.jpg 524w\" sizes=\"(max-width: 398px) 100vw, 398px\" \/><\/p>\n<p><a href=\"https:\/\/www.thurysuli.hu\/wp-content\/uploads\/2019\/04\/makad_dok.pdf\"><strong>A Di\u00e1k \u00d6nkorm\u00e1nyzat munkaterve<\/strong><\/a><\/p>\n","protected":false},"excerpt":{"rendered":"<p>A Di\u00e1k \u00d6nkorm\u00e1nyzat munkaterve<\/p>\n","protected":false},"author":1,"featured_media":0,"parent":0,"menu_order":0,"comment_status":"closed","ping_status":"closed","template":"","meta":[],"_links":{"self":[{"href":"https:\/\/www.thurysuli.hu\/index.php?rest_route=\/wp\/v2\/pages\/149"}],"collection":[{"href":"https:\/\/www.thurysuli.hu\/index.php?rest_route=\/wp\/v2\/pages"}],"about":[{"href":"https:\/\/www.thurysuli.hu\/index.php?rest_route=\/wp\/v2\/types\/page"}],"author":[{"embeddable":true,"href":"https:\/\/www.thurysuli.hu\/index.php?rest_route=\/wp\/v2\/users\/1"}],"replies":[{"embeddable":true,"href":"https:\/\/www.thurysuli.hu\/index.php?rest_route=%2Fwp%2Fv2%2Fcomments&post=149"}],"version-history":[{"count":6,"href":"https:\/\/www.thurysuli.hu\/index.php?rest_route=\/wp\/v2\/pages\/149\/revisions"}],"predecessor-version":[{"id":371,"href":"https:\/\/www.thurysuli.hu\/index.php?rest_route=\/wp\/v2\/pages\/149\/revisions\/371"}],"wp:attachment":[{"href":"https:\/\/www.thurysuli.hu\/index.php?rest_route=%2Fwp%2Fv2%2Fmedia&parent=149"}],"curies":[{"name":"wp","href":"https:\/\/api.w.org\/{rel}","templated":true}]}}