{"id":165,"date":"2019-03-28T05:56:03","date_gmt":"2019-03-28T04:56:03","guid":{"rendered":"https:\/\/www.thurysuli.hu\/?page_id=165"},"modified":"2023-07-24T20:17:01","modified_gmt":"2023-07-24T19:17:01","slug":"elerhetosegek","status":"publish","type":"page","link":"https:\/\/www.thurysuli.hu\/?page_id=165","title":{"rendered":"el\u00e9rhet\u0151s\u00e9gek"},"content":{"rendered":"<p><strong><u>C\u00edm\u00fcnk:<\/u><\/strong> Szigetbecse &#8211; Mak\u00e1d \u00c1ltal\u00e1nos Iskola Th\u00fary J\u00f3zsef \u00c1ltal\u00e1nos Iskol\u00e1ja<\/p>\n<p>2322, Mak\u00e1d, Szabads\u00e1g utca 25-27.<\/p>\n<p><strong><u>Int\u00e9zm\u00e9nyvezet\u0151:<\/u><\/strong> Raffay B\u00e9la<\/p>\n<p><strong><u>Tagint\u00e9zm\u00e9ny-vezet\u0151: <\/u><\/strong><strong>Szab\u00f3 Istv\u00e1nn\u00e9<\/strong><\/p>\n<p><strong><u>Telefonsz\u00e1m:<\/u><\/strong>\u00a024\/512-210<\/p>\n<p>Mobil sz\u00e1m: 0630-850-0280<\/p>\n<p><strong>e-mail c\u00edm:<\/strong> titkarsag@thurysuli.hu<\/p>\n","protected":false},"excerpt":{"rendered":"<p>C\u00edm\u00fcnk: Szigetbecse &#8211; Mak\u00e1d \u00c1ltal\u00e1nos Iskola Th\u00fary J\u00f3zsef \u00c1ltal\u00e1nos Iskol\u00e1ja 2322, Mak\u00e1d, Szabads\u00e1g utca 25-27. Int\u00e9zm\u00e9nyvezet\u0151: Raffay B\u00e9la Tagint\u00e9zm\u00e9ny-vezet\u0151: Szab\u00f3 Istv\u00e1nn\u00e9 Telefonsz\u00e1m:\u00a024\/512-210 Mobil sz\u00e1m: 0630-850-0280 e-mail c\u00edm: titkarsag@thurysuli.hu<\/p>\n","protected":false},"author":1,"featured_media":0,"parent":0,"menu_order":0,"comment_status":"closed","ping_status":"closed","template":"","meta":[],"_links":{"self":[{"href":"https:\/\/www.thurysuli.hu\/index.php?rest_route=\/wp\/v2\/pages\/165"}],"collection":[{"href":"https:\/\/www.thurysuli.hu\/index.php?rest_route=\/wp\/v2\/pages"}],"about":[{"href":"https:\/\/www.thurysuli.hu\/index.php?rest_route=\/wp\/v2\/types\/page"}],"author":[{"embeddable":true,"href":"https:\/\/www.thurysuli.hu\/index.php?rest_route=\/wp\/v2\/users\/1"}],"replies":[{"embeddable":true,"href":"https:\/\/www.thurysuli.hu\/index.php?rest_route=%2Fwp%2Fv2%2Fcomments&post=165"}],"version-history":[{"count":9,"href":"https:\/\/www.thurysuli.hu\/index.php?rest_route=\/wp\/v2\/pages\/165\/revisions"}],"predecessor-version":[{"id":616,"href":"https:\/\/www.thurysuli.hu\/index.php?rest_route=\/wp\/v2\/pages\/165\/revisions\/616"}],"wp:attachment":[{"href":"https:\/\/www.thurysuli.hu\/index.php?rest_route=%2Fwp%2Fv2%2Fmedia&parent=165"}],"curies":[{"name":"wp","href":"https:\/\/api.w.org\/{rel}","templated":true}]}}