{"id":167,"date":"2019-03-28T05:56:27","date_gmt":"2019-03-28T04:56:27","guid":{"rendered":"https:\/\/www.thurysuli.hu\/?page_id=167"},"modified":"2019-11-06T18:50:54","modified_gmt":"2019-11-06T17:50:54","slug":"makad-gyermekeiert-iskola-alapitvany","status":"publish","type":"page","link":"https:\/\/www.thurysuli.hu\/?page_id=167","title":{"rendered":"Mak\u00e1d Gyermekei\u00e9rt Iskola Alap\u00edtv\u00e1ny"},"content":{"rendered":"<p style=\"text-align: center;\"><strong><span style=\"text-decoration: underline;\">Mak\u00e1d Gyermekei\u00e9rt Alap\u00edtv\u00e1ny<\/span> <\/strong><\/p>\n<p style=\"text-align: center;\"><strong>Sz\u00e1mlasz\u00e1m: 1010-3867-54111742-00000001<\/strong><\/p>\n<p style=\"text-align: center;\"><strong>Ad\u00f3sz\u00e1m: 18671214-1-13 <\/strong><\/p>\n<p style=\"text-align: center;\"><strong>K\u00e9rj\u00fck ha teheti, t\u00e1mogassa Ad\u00f3j\u00e1nak 1%-\u00e1nak felaj\u00e1nl\u00e1s\u00e1val<\/strong><\/p>\n","protected":false},"excerpt":{"rendered":"<p>Mak\u00e1d Gyermekei\u00e9rt Alap\u00edtv\u00e1ny Sz\u00e1mlasz\u00e1m: 1010-3867-54111742-00000001 Ad\u00f3sz\u00e1m: 18671214-1-13 K\u00e9rj\u00fck ha teheti, t\u00e1mogassa Ad\u00f3j\u00e1nak 1%-\u00e1nak felaj\u00e1nl\u00e1s\u00e1val<\/p>\n","protected":false},"author":1,"featured_media":0,"parent":0,"menu_order":0,"comment_status":"closed","ping_status":"closed","template":"","meta":[],"_links":{"self":[{"href":"https:\/\/www.thurysuli.hu\/index.php?rest_route=\/wp\/v2\/pages\/167"}],"collection":[{"href":"https:\/\/www.thurysuli.hu\/index.php?rest_route=\/wp\/v2\/pages"}],"about":[{"href":"https:\/\/www.thurysuli.hu\/index.php?rest_route=\/wp\/v2\/types\/page"}],"author":[{"embeddable":true,"href":"https:\/\/www.thurysuli.hu\/index.php?rest_route=\/wp\/v2\/users\/1"}],"replies":[{"embeddable":true,"href":"https:\/\/www.thurysuli.hu\/index.php?rest_route=%2Fwp%2Fv2%2Fcomments&post=167"}],"version-history":[{"count":5,"href":"https:\/\/www.thurysuli.hu\/index.php?rest_route=\/wp\/v2\/pages\/167\/revisions"}],"predecessor-version":[{"id":403,"href":"https:\/\/www.thurysuli.hu\/index.php?rest_route=\/wp\/v2\/pages\/167\/revisions\/403"}],"wp:attachment":[{"href":"https:\/\/www.thurysuli.hu\/index.php?rest_route=%2Fwp%2Fv2%2Fmedia&parent=167"}],"curies":[{"name":"wp","href":"https:\/\/api.w.org\/{rel}","templated":true}]}}