{"id":169,"date":"2019-03-28T05:57:19","date_gmt":"2019-03-28T04:57:19","guid":{"rendered":"https:\/\/www.thurysuli.hu\/?page_id=169"},"modified":"2019-11-02T18:27:18","modified_gmt":"2019-11-02T17:27:18","slug":"dezso-lajos-alapfoku-muveszeti-oktatasi-intezmeny","status":"publish","type":"page","link":"https:\/\/www.thurysuli.hu\/?page_id=169","title":{"rendered":"Dezs\u0151 Lajos Alapfok\u00fa M\u0171v\u00e9szeti Oktat\u00e1si Int\u00e9zm\u00e9ny"},"content":{"rendered":"<div id=\"e-widget_311902\" class=\"e-widget e-widget-text\">\n<div id=\"e-widget-text_311902\" class=\"e-widget-content\">\n<p><strong><span style=\"font-size: 14px;\">Az int\u00e9zm\u00e9ny fenntart\u00f3ja: Szigetszentmikl\u00f3si Tanker\u00fcleti K\u00f6zpont<\/span><\/strong><\/p>\n<p><strong><span style=\"font-size: 14px;\">A fenntart\u00f3 k\u00e9pvisel\u0151je: dr. P\u00e1los Annam\u00e1ria igazgat\u00f3<\/span><\/strong><\/p>\n<p><span style=\"font-size: 14px;\"><strong>Az iskola vezet\u0151je: <\/strong>K\u00f6nt\u00f6s \u00c1gnes int\u00e9zm\u00e9nyvezet\u0151<\/span><\/p>\n<p><strong><span style=\"font-size: 14px;\">Ell\u00e1tott feladatok:<\/span><\/strong><\/p>\n<ul>\n<li>alapfok\u00fa m\u0171v\u00e9szetoktat\u00e1s zenem\u0171v\u00e9szeti \u00e1gon,<\/li>\n<li>alapfok\u00fa m\u0171v\u00e9szetoktat\u00e1s t\u00e1ncm\u0171v\u00e9szeti \u00e1gon,<\/li>\n<li>alapfok\u00fa m\u0171v\u00e9szetoktat\u00e1s k\u00e9pz\u0151- \u00e9s iparm\u0171v\u00e9szeti \u00e1gon,<\/li>\n<li>alapfok\u00fa m\u0171v\u00e9szetoktat\u00e1s sz\u00edn- \u00e9s b\u00e1bm\u0171v\u00e9szeti \u00e1gon<\/li>\n<\/ul>\n<p><strong><span style=\"font-size: 14px;\">Az int\u00e9zm\u00e9ny feladatell\u00e1t\u00e1si helyei:<\/span><\/strong><\/p>\n<ul>\n<li>Dezs\u0151 Lajos Alapfok\u00fa M\u0171v\u00e9szeti Iskola sz\u00e9khelye,<\/li>\n<\/ul>\n<p>2344 D\u00f6ms\u00f6d, Kossuth Lajos utca 58.<\/p>\n<ul>\n<li>Dezs\u0151 Lajos Alapfok\u00fa M\u0171v\u00e9szeti Iskola B\u00e9ke t\u00e9ri telephelye,<\/li>\n<\/ul>\n<p>2344 D\u00f6ms\u00f6d, B\u00e9ke t\u00e9r 2.<\/p>\n<ul>\n<li>Dezs\u0151 Lajos Alapfok\u00fa M\u0171v\u00e9szeti Iskola Apaji Telephelye<\/li>\n<li>2345, Apaj, Dob\u00f3 Istv\u00e1n utca 74.<\/li>\n<li style=\"margin: 5px 0px; padding: 0px;\">Dezs\u0151 Lajos Alapfok\u00fa M\u0171v\u00e9szeti Iskola Szigetbecsei Telephelye\u00a0 \u00a0 \u00a0 \u00a0 \u00a0 \u00a0 \u00a0 \u00a0 \u00a0 \u00a0 \u00a0 \u00a0 \u00a0 \u00a0 \u00a0 \u00a0 \u00a0 2322,Mak\u00e1d, Szabads\u00e1g utca 25-27.<\/li>\n<li>Dezs\u0151 Lajos Alapfok\u00fa M\u0171v\u00e9szeti Iskola Mak\u00e1di Telephelye,<\/li>\n<\/ul>\n<p>2322 Mak\u00e1d, Szabads\u00e1g utca 25-27.<\/p>\n<\/div>\n<\/div>\n","protected":false},"excerpt":{"rendered":"<p>Az int\u00e9zm\u00e9ny fenntart\u00f3ja: Szigetszentmikl\u00f3si Tanker\u00fcleti K\u00f6zpont A fenntart\u00f3 k\u00e9pvisel\u0151je: dr. P\u00e1los Annam\u00e1ria igazgat\u00f3 Az iskola vezet\u0151je: K\u00f6nt\u00f6s \u00c1gnes int\u00e9zm\u00e9nyvezet\u0151 Ell\u00e1tott feladatok: alapfok\u00fa m\u0171v\u00e9szetoktat\u00e1s zenem\u0171v\u00e9szeti \u00e1gon, alapfok\u00fa m\u0171v\u00e9szetoktat\u00e1s t\u00e1ncm\u0171v\u00e9szeti \u00e1gon, alapfok\u00fa m\u0171v\u00e9szetoktat\u00e1s k\u00e9pz\u0151- \u00e9s iparm\u0171v\u00e9szeti \u00e1gon, alapfok\u00fa m\u0171v\u00e9szetoktat\u00e1s sz\u00edn- \u00e9s b\u00e1bm\u0171v\u00e9szeti &hellip; <a href=\"https:\/\/www.thurysuli.hu\/?page_id=169\">Egy kattint\u00e1s ide a folytat\u00e1shoz&#8230;. <span class=\"meta-nav\">&rarr;<\/span><\/a><\/p>\n","protected":false},"author":1,"featured_media":0,"parent":0,"menu_order":0,"comment_status":"closed","ping_status":"closed","template":"","meta":[],"_links":{"self":[{"href":"https:\/\/www.thurysuli.hu\/index.php?rest_route=\/wp\/v2\/pages\/169"}],"collection":[{"href":"https:\/\/www.thurysuli.hu\/index.php?rest_route=\/wp\/v2\/pages"}],"about":[{"href":"https:\/\/www.thurysuli.hu\/index.php?rest_route=\/wp\/v2\/types\/page"}],"author":[{"embeddable":true,"href":"https:\/\/www.thurysuli.hu\/index.php?rest_route=\/wp\/v2\/users\/1"}],"replies":[{"embeddable":true,"href":"https:\/\/www.thurysuli.hu\/index.php?rest_route=%2Fwp%2Fv2%2Fcomments&post=169"}],"version-history":[{"count":4,"href":"https:\/\/www.thurysuli.hu\/index.php?rest_route=\/wp\/v2\/pages\/169\/revisions"}],"predecessor-version":[{"id":368,"href":"https:\/\/www.thurysuli.hu\/index.php?rest_route=\/wp\/v2\/pages\/169\/revisions\/368"}],"wp:attachment":[{"href":"https:\/\/www.thurysuli.hu\/index.php?rest_route=%2Fwp%2Fv2%2Fmedia&parent=169"}],"curies":[{"name":"wp","href":"https:\/\/api.w.org\/{rel}","templated":true}]}}