{"id":409,"date":"2019-11-06T19:33:12","date_gmt":"2019-11-06T18:33:12","guid":{"rendered":"https:\/\/www.thurysuli.hu\/?page_id=409"},"modified":"2019-11-07T12:36:58","modified_gmt":"2019-11-07T11:36:58","slug":"hatartalanul-2","status":"publish","type":"page","link":"https:\/\/www.thurysuli.hu\/?page_id=409","title":{"rendered":"hat\u00e1rtalanul"},"content":{"rendered":"\n<p><strong>HAT\u00c1RTALANUL\u2026 Th\u00farys di\u00e1kok Szlov\u00e1ki\u00e1ban<\/strong><\/p>\n\n\n\n<p>&nbsp;&nbsp;&nbsp;&nbsp;&nbsp;&nbsp;&nbsp; Iskol\u00e1nk t\u00f6rt\u00e9net\u00e9ben el\u0151sz\u00f6r p\u00e1ly\u00e1zott\nHat\u00e1rtalanul programra, a Bethlen G\u00e1bor Alapkezel\u0151 fel\u00e9, hat\u00e1rainkon t\u00fali,\nmagyar lakta telep\u00fcl\u00e9sek megismer\u00e9s\u00e9t t\u00e1mogat\u00f3 kir\u00e1ndul\u00e1s megszervez\u00e9s\u00e9re. A\nbeadott p\u00e1ly\u00e1zat t\u00e9m\u00e1ja<strong>: A Felvid\u00e9k\nterm\u00e9szeti \u00e9s kultur\u00e1lis kincsei \/ Tanulm\u00e1nyi kir\u00e1ndul\u00e1s az 1848-49-es\nszabads\u00e1gharc nyom\u00e1ban<\/strong><\/p>\n\n\n\n<p>&nbsp;&nbsp; &nbsp;R\u00e9gi\n\u00e1lmunk \u00e9s terv\u00fcnk v\u00e1lt val\u00f3ra, amikor az elnyert \u00f6sszegb\u0151l \u00e1prilis 24-27-ig, 42\ntanul\u00f3val, k\u00eds\u00e9r\u0151 pedag\u00f3gusokkal, Szlov\u00e1ki\u00e1ban barangolhattunk. Iskol\u00e1nk\ntanul\u00f3i a reformkort\u00f3l eg\u00e9szen a szabads\u00e1gharcig k\u00eds\u00e9rhett\u00e9k nyomon a magyar\nt\u00f6rt\u00e9nelem fontos helysz\u00edneit a Felvid\u00e9ken: egykori kir\u00e1lyi kast\u00e9lyokat,\ner\u0151d\u00f6ket, monostorokat \u00e9s koron\u00e1z\u00f3 f\u0151v\u00e1rosunk kiemelked\u0151 m\u0171eml\u00e9keit.<\/p>\n\n\n\n<p>&nbsp;&nbsp;&nbsp;&nbsp; Az els\u0151\nnapon, \u00fatk\u00f6zben, Budapesten csatlakozott hozz\u00e1nk \u00e1lland\u00f3 idegenvezet\u0151nk, aki\n\u00e9rdekesen, j\u00e1t\u00e9kokkal t\u0171zdelve, eleven\u00edtette fel tanul\u00f3inkkal a t\u00f6rt\u00e9nelem\nesem\u00e9nyeit, bemutatta az \u00fatvonalunk magyar vonatkoz\u00e1sban kiemelked\u0151\nhelysz\u00edneit.<\/p>\n\n\n\n<p>            <br>  Megtekintett\u00fck a kom\u00e1romi er\u0151d\u00f6t \u00e9s feleleven\u00edtett\u00fck a szabads\u00e1gharc esem\u00e9nyeit.Pihen\u00e9sk\u00e9nt megismerkedt\u00fcnk a g\u00fatai v\u00edzimalom t\u00f6rt\u00e9net\u00e9vel, megcsod\u00e1lhattuk gy\u00f6ny\u00f6r\u0171 fa h\u00eddj\u00e1t.T\u00far\u00e1nk utols\u00f3 \u00e1llom\u00e1sa a rom\u00e1nkori de\u00e1ki Nagy Boldogasszony templom volt, ahol egy kedves, id\u0151s n\u00e9ni kalauzolt minket, bemutatva nek\u00fcnk a templom \u00e9s a telep\u00fcl\u00e9s t\u00f6rt\u00e9net\u00e9t.A sz\u00e1ll\u00e1s elfoglal\u00e1sa ut\u00e1n, a m\u00f3k\u00e1\u00e9 \u00e9s a kacag\u00e1s\u00e9 volt\na f\u0151szerep. Foci, k\u00e1rtya, t\u00e1rsas \u00e9s bowling volt az elfoglalts\u00e1g a finom\nvacsora ut\u00e1n.A k\u00f6vetkez\u0151 napokban sem volt hi\u00e1ny l\u00e1tnival\u00f3kb\u00f3l,\n\u00e9rdekess\u00e9gekb\u0151l. &#x1f60a;<\/p>\n\n\n\n<p>\n \n \nM\u00e1sodik\nnap kir\u00e1ndultunk, 4 napunk egyik leggy\u00f6ny\u00f6r\u0171bb, legk\u00fcl\u00f6nlegesebb helysz\u00edn\u00e9re, a\nbajm\u00f3ci v\u00e1rba.Bej\u00e1rtuk \u00e1mulatba ejt\u0151 termeit, sok inform\u00e1ci\u00f3t szerezt\u00fcnk a P\u00e1lffy csal\u00e1d t\u00f6rt\u00e9net\u00e9r\u0151l, megtekinthett\u00fck a v\u00e1r alatti cseppk\u0151barlangot.D\u00e9lut\u00e1ni s\u00e9ta \u00e9s pihen\u00e9s k\u00f6vetkezett a malonyai\nArbor\u00e9tumba. <\/p>\n\n\n\n<p>K\u00f6vetkez\u0151 \u00e1llom\u00e1sunk: Nyitra t\u00f6rt\u00e9nelmi belv\u00e1rosa, ahol megtekintett\u00fck a v\u00e1rat \u00e9s templom\u00e1t.A harmadik nap reggel\u00e9n iskol\u00e1ba ment\u00fcnk. &#x1f60a; Megismerkedt\u00fcnk a de\u00e1ki magyar Alapiskola 7. oszt\u00e1lyos di\u00e1kjaival, tan\u00e1raival. Nagyon kedvesen fogadtak benn\u00fcnket, csoportokban bemutatt\u00e1k az iskol\u00e1t, mes\u00e9ltek iskol\u00e1jukr\u00f3l, k\u00e9pz\u00e9si-oktat\u00e1si rendszer\u00fckr\u0151l.Kis k\u00f6z\u00f6s zen\u00e9l\u00e9s \u00e9s mozg\u00e1s ut\u00e1n indultunk Nagyszombatra.\u00a0 A v\u00e1rostorony, IV. B\u00e9la temploma, s\u00e9ta a belv\u00e1rosban, \u00e9s folytattuk felfedez\u0151 kalandoz\u00e1sunkat a Felvid\u00e9ken.<\/p>\n\n\n\n<p>\u00dajabb \u00e1llom\u00e1s k\u00f6vetkezett: V\u00f6r\u00f6sk\u0151 v\u00e1r, P\u00e1lffy csal\u00e1d \u0151si f\u00e9szke.A csal\u00e1d t\u00f6rt\u00e9nete mellett megeml\u00e9kezt\u00fcnk P\u00e1lffy Albertr\u0151l \u00e9s a szabads\u00e1gharc esem\u00e9nyeir\u0151l. Napunkat a tall\u00f3si v\u00edzimalom megismer\u00e9s\u00e9vel z\u00e1rtuk.<\/p>\n\n\n\n<p>\u00a0 Maradt m\u00e9g egy kedves, t\u00f6rt\u00e9nelm\u00fcnkkel teli v\u00e1ros\u2026 Negyedik napunkat Szlov\u00e1kia f\u0151v\u00e1ros\u00e1ban, egykori koron\u00e1z\u00f3 f\u0151v\u00e1rosunkban, Pozsonyban t\u00f6lt\u00f6tt\u00fck. A bej\u00e1rtuk a v\u00e1r gy\u00f6ny\u00f6r\u0171 udvar\u00e1t, gy\u00f6ny\u00f6rk\u00f6dt\u00fcnk a kil\u00e1t\u00e1sban, felfedezt\u00fck Szent Erzs\u00e9bet szobr\u00e1t.   A\nSzent M\u00e1rton d\u00f3m megtekint\u00e9s\u00e9t k\u00f6vet\u0151en v\u00e9gig j\u00e1rtuk a koron\u00e1z\u00e1si \u00fatvonalat,\nmegn\u00e9zt\u00fck a pozsonyi orsz\u00e1ggy\u0171l\u00e9s, a k\u00e9k templom \u00e9s a pr\u00edm\u00e1si palota \u00e9p\u00fclet\u00e9t. A belv\u00e1rosban t\u00e9rr\u0151l t\u00e9rre haladva, \u00fajabb \u00e9s \u00fajabb csod\u00e1s eml\u00e9km\u0171vekkel, t\u00f6rt\u00e9nelm\u00fcnk darabk\u00e1ival, \u00e9rdekess\u00e9gekkel tal\u00e1lkoztunk. <\/p>\n\n\n\n<p>Tematikus\ntanulm\u00e1nyi kir\u00e1ndul\u00e1sunk az 1848-49-es szabads\u00e1gharc nyom\u00e1ban, \u00e9s az \u00e1rt\u00e9ri\nerd\u0151k \u00e9l\u0151vil\u00e1g\u00e1nak megismer\u00e9s\u00e9nek c\u00e9lj\u00e1b\u00f3l szervez\u0151d\u00f6tt. Tervezett programjaink\nmarad\u00e9ktalanul megval\u00f3sultak, \u00e9letre sz\u00f3l\u00f3 \u00e9lm\u00e9nyt ny\u00fajtva a r\u00e9sztvev\u0151k\nsz\u00e1m\u00e1ra.<\/p>\n\n\n\n<p>Felejthetetlen\n\u00e9s tartalmas utaz\u00e1s volt sz\u00e1munkra! Nagyszer\u0171 lehet\u0151s\u00e9g di\u00e1kjainknak, melyet\nKissn\u00e9 M\u00e9ri Erzs\u00e9betnek k\u00f6sz\u00f6n\u00fcnk, a p\u00e1ly\u00e1zat meg\u00edr\u00e1s\u00e1\u00e9rt, a program\nszervez\u00e9s\u00e9\u00e9rt! <\/p>\n\n\n\n<p>Rem\u00e9lj\u00fck\na Th\u00farys di\u00e1kok hamarosan folytathatj\u00e1k hat\u00e1ron t\u00fali kalandoz\u00e1saikat! &#x1f60a;<\/p>\n","protected":false},"excerpt":{"rendered":"<p>HAT\u00c1RTALANUL\u2026 Th\u00farys di\u00e1kok Szlov\u00e1ki\u00e1ban &nbsp;&nbsp;&nbsp;&nbsp;&nbsp;&nbsp;&nbsp; Iskol\u00e1nk t\u00f6rt\u00e9net\u00e9ben el\u0151sz\u00f6r p\u00e1ly\u00e1zott Hat\u00e1rtalanul programra, a Bethlen G\u00e1bor Alapkezel\u0151 fel\u00e9, hat\u00e1rainkon t\u00fali, magyar lakta telep\u00fcl\u00e9sek megismer\u00e9s\u00e9t t\u00e1mogat\u00f3 kir\u00e1ndul\u00e1s megszervez\u00e9s\u00e9re. A beadott p\u00e1ly\u00e1zat t\u00e9m\u00e1ja: A Felvid\u00e9k term\u00e9szeti \u00e9s kultur\u00e1lis kincsei \/ Tanulm\u00e1nyi kir\u00e1ndul\u00e1s az 1848-49-es &hellip; <a href=\"https:\/\/www.thurysuli.hu\/?page_id=409\">Egy kattint\u00e1s ide a folytat\u00e1shoz&#8230;. <span class=\"meta-nav\">&rarr;<\/span><\/a><\/p>\n","protected":false},"author":3,"featured_media":0,"parent":0,"menu_order":0,"comment_status":"closed","ping_status":"closed","template":"","meta":[],"_links":{"self":[{"href":"https:\/\/www.thurysuli.hu\/index.php?rest_route=\/wp\/v2\/pages\/409"}],"collection":[{"href":"https:\/\/www.thurysuli.hu\/index.php?rest_route=\/wp\/v2\/pages"}],"about":[{"href":"https:\/\/www.thurysuli.hu\/index.php?rest_route=\/wp\/v2\/types\/page"}],"author":[{"embeddable":true,"href":"https:\/\/www.thurysuli.hu\/index.php?rest_route=\/wp\/v2\/users\/3"}],"replies":[{"embeddable":true,"href":"https:\/\/www.thurysuli.hu\/index.php?rest_route=%2Fwp%2Fv2%2Fcomments&post=409"}],"version-history":[{"count":3,"href":"https:\/\/www.thurysuli.hu\/index.php?rest_route=\/wp\/v2\/pages\/409\/revisions"}],"predecessor-version":[{"id":441,"href":"https:\/\/www.thurysuli.hu\/index.php?rest_route=\/wp\/v2\/pages\/409\/revisions\/441"}],"wp:attachment":[{"href":"https:\/\/www.thurysuli.hu\/index.php?rest_route=%2Fwp%2Fv2%2Fmedia&parent=409"}],"curies":[{"name":"wp","href":"https:\/\/api.w.org\/{rel}","templated":true}]}}